{"id":20200,"date":"2024-01-31T18:21:03","date_gmt":"2024-01-31T18:21:03","guid":{"rendered":"https:\/\/www.europeando.it\/?page_id=20200"},"modified":"2026-01-15T15:22:42","modified_gmt":"2026-01-15T15:22:42","slug":"quienes-somos","status":"publish","type":"page","link":"https:\/\/www.europeando.it\/es\/quienes-somos\/","title":{"rendered":"Quienes Somos"},"content":{"rendered":"<p>[et_pb_section fb_built=\u00bb1&#8243; custom_padding_last_edited=\u00bbon|tablet\u00bb _builder_version=\u00bb4.27.3&#8243; _module_preset=\u00bbdefault\u00bb background_image=\u00bbhttps:\/\/www.europeando.it\/wp-content\/uploads\/2024\/03\/7-verona-1700455-scaled.jpg\u00bb custom_padding=\u00bb200px||0px||false|false\u00bb custom_padding_tablet=\u00bb100px||0px||false|false\u00bb custom_padding_phone=\u00bb\u00bb filter_brightness=\u00bb150%\u00bb custom_css_before=\u00bbcontent: %22%22;||    width: 100%;||    height: 100%;||    background: #1d1d1d;||    opacity: 0.8;||    position: absolute;||    top: 0;||    left: 0;\u00bb custom_css_main_element=\u00bbposition: relative;\u00bb locked=\u00bboff\u00bb global_colors_info=\u00bb{}\u00bb][et_pb_row column_structure=\u00bb1_2,1_2&#8243; use_custom_gutter=\u00bbon\u00bb gutter_width=\u00bb1&#8243; _builder_version=\u00bb4.20.2&#8243; _module_preset=\u00bbdefault\u00bb width=\u00bb90%\u00bb custom_padding=\u00bb0px||0px||false|false\u00bb custom_css_main_element=\u00bbposition: unset;\u00bb global_colors_info=\u00bb{}\u00bb][et_pb_column type=\u00bb1_2&#8243; _builder_version=\u00bb4.20.2&#8243; _module_preset=\u00bbdefault\u00bb custom_css_main_element=\u00bbposition: unset;\u00bb global_colors_info=\u00bb{}\u00bb][et_pb_image src=\u00bbhttps:\/\/trootraveldivi.troothemes.com\/wp-content\/uploads\/2023\/03\/inner-plane-2.png\u00bb title_text=\u00bbplano interior (2)\u00bb disabled_on=\u00bbon|on|off\u00bb _builder_version=\u00bb4.20.2&#8243; _module_preset=\u00bbdefault\u00bb custom_css_main_element=\u00bbposition: absolute;||    left: 0;||    top: 40%;\u00bb global_colors_info=\u00bb{}\u00bb][\/et_pb_image][\/et_pb_column][et_pb_column type=\u00bb1_2&#8243; _builder_version=\u00bb4.20.2&#8243; _module_preset=\u00bbdefault\u00bb custom_css_main_element=\u00bbposition: unset;\u00bb global_colors_info=\u00bb{}\u00bb][et_pb_image src=\u00bbhttps:\/\/trootraveldivi.troothemes.com\/wp-content\/uploads\/2023\/03\/inner-plane.png\u00bb title_text=\u00bbplano interior\u00bb disabled_on=\u00bbon|on|off\u00bb _builder_version=\u00bb4.20.2&#8243; _module_preset=\u00bbdefault\u00bb custom_css_main_element=\u00bbposition: absolute;||    right: 0;||    bottom: 15%;\u00bb global_colors_info=\u00bb{}\u00bb][\/et_pb_image][\/et_pb_column][\/et_pb_row][et_pb_row _builder_version=\u00bb4.20.2&#8243; _module_preset=\u00bbdefault\u00bb width=\u00bb90%\u00bb custom_padding=\u00bb||100px||false|false\u00bb global_colors_info=\u00bb{}\u00bb][et_pb_column type=\u00bb4_4&#8243; _builder_version=\u00bb4.20.2&#8243; _module_preset=\u00bbdefault\u00bb global_colors_info=\u00bb{}\u00bb][et_pb_text _builder_version=\u00bb4.24.0&#8243; _module_preset=\u00bbdefault\u00bb text_font=\u00bbArchivo||||||||\u00bb text_text_color=\u00bb#FFFFFF\u00bb text_font_size=\u00bb36px\u00bb text_line_height=\u00bb40px\u00bb text_orientation=\u00bbcenter\u00bb text_font_size_tablet=\u00bb30px\u00bb text_font_size_phone=\u00bb24px\u00bb text_font_size_last_edited=\u00bbon|tablet\u00bb text_line_height_tablet=\u00bb\u00bb text_line_height_phone=\u00bb35px\u00bb text_line_height_last_edited=\u00bbon|phone\u00bb custom_css_main_element=\u00bbfont-weight: 700;\u00bb global_colors_info=\u00bb{}\u00bb]<\/p>\n<p>Quienes Somos<\/p>\n<p>[\/et_pb_text][\/et_pb_column][\/et_pb_row][et_pb_row custom_padding_last_edited=\u00bbon|phone\u00bb _builder_version=\u00bb4.20.2&#8243; _module_preset=\u00bbdefault\u00bb background_color=\u00bb#FFFFFF\u00bb width=\u00bb90%\u00bb custom_margin=\u00bb||-25px||false|false\u00bb custom_padding=\u00bb15px|50px|15px|50px|false|false\u00bb custom_padding_tablet=\u00bb\u00bb custom_padding_phone=\u00bb15px|20px|15px|20px|false|false\u00bb custom_css_main_element=\u00bbwidth: fit-content;||box-shadow: 0px 6px 20px rgba(0, 0, 0, 0.05);||    z-index: 1;\u00bb border_radii=\u00bbon|5px|5px|5px|5px\u00bb global_colors_info=\u00bb{}\u00bb][et_pb_column type=\u00bb4_4&#8243; _builder_version=\u00bb4.20.2&#8243; _module_preset=\u00bbdefault\u00bb custom_css_main_element=\u00bbdisplay: flex;||    align-items: center;||    justify-content: center;\u00bb global_colors_info=\u00bb{}\u00bb][et_pb_text _builder_version=\u00bb4.20.2&#8243; _dynamic_attributes=\u00bblink_option_url\u00bb _module_preset=\u00bbdefault\u00bb text_font=\u00bbArchivo||||||||\u00bb text_line_height=\u00bb20px\u00bb custom_margin=\u00bb|5px|0px||false|false\u00bb custom_padding=\u00bb|20px|||false|false\u00bb link_option_url=\u00bb@ET-DC@eyJkeW5hbWljIjp0cnVlLCJjb250ZW50IjoiaG9tZV91cmwiLCJzZXR0aW5ncyI6e319@\u00bb custom_css_before=\u00bbcontent: %22%9235%22;||    font-family: ETmodules;||    position: absolute;||    right: 0;||    top: 50%;||    transform: translateY(-50%);\u00bb custom_css_main_element=\u00bbfont-weight: 400;||color: var(&#8211;color1);||position: relative;\u00bb global_colors_info=\u00bb{}\u00bb]<\/p>\n<p>Home<\/p>\n<p>[\/et_pb_text][et_pb_text _builder_version=\u00bb4.20.2&#8243; _dynamic_attributes=\u00bbcontent\u00bb _module_preset=\u00bbdefault\u00bb text_font=\u00bbArchivo||||||||\u00bb text_text_color=\u00bb#1d1d1d\u00bb text_line_height=\u00bb20px\u00bb custom_css_main_element=\u00bbfont-weight: 400;\u00bb global_colors_info=\u00bb{}\u00bb]@ET-DC@eyJkeW5hbWljIjp0cnVlLCJjb250ZW50IjoicG9zdF90aXRsZSIsInNldHRpbmdzIjp7ImJlZm9yZSI6IiIsImFmdGVyIjoiIn19@[\/et_pb_text][\/et_pb_column][\/et_pb_row][\/et_pb_section][et_pb_section fb_built=\u00bb1&#8243; _builder_version=\u00bb4.20.2&#8243; _module_preset=\u00bbdefault\u00bb min_height=\u00bb557.5px\u00bb custom_margin=\u00bb24px|||||\u00bb locked=\u00bboff\u00bb global_colors_info=\u00bb{}\u00bb][et_pb_row use_custom_gutter=\u00bbon\u00bb gutter_width=\u00bb2&#8243; _builder_version=\u00bb4.20.2&#8243; _module_preset=\u00bbdefault\u00bb width=\u00bb90%\u00bb global_colors_info=\u00bb{}\u00bb][et_pb_column type=\u00bb4_4&#8243; _builder_version=\u00bb4.20.2&#8243; _module_preset=\u00bbdefault\u00bb global_colors_info=\u00bb{}\u00bb][et_pb_text _builder_version=\u00bb4.27.5&#8243; _module_preset=\u00bbdefault\u00bb hover_enabled=\u00bb0&#8243; global_colors_info=\u00bb{}\u00bb sticky_enabled=\u00bb0&#8243;]<\/p>\n<p><strong>NUESTRA HISTORIA<\/strong><br \/>Europeando naci\u00f3 en 1947 de la pasi\u00f3n por los viajes de la familia Laiolo y su voluntad de ofrecer un servicio basado en la calidad de los transportes y el alojamiento. En 1951, Dante Laiolo comenz\u00f3 la organizaci\u00f3n de viajes internacionales y Rina, su esposa, en 1962, \u00a1es la primera mujer en Italia en organizar y conducir personalmente tours por toda Europa! Europeando es un tour operator que supo combinar la experiencia adquirida a lo largo del tiempo con las tecnolog\u00edas de vanguardia de todas las \u00e9pocas, y siempre ha sido reconocido como un operador tur\u00edstico moderno que ha sido fiel al respeto de la calidad. Desde los a\u00f1os 90, la estructura corporativa ha evolucionado ligeramente, incluyendo nuevos profesionales y una dimensi\u00f3n a\u00fan m\u00e1s moderna e internacional.<\/p>\n<p>Nuestro estilo<br \/>La relaci\u00f3n entre la agencia y los clientes ha estado cambiando durante muchos a\u00f1os, creando una amistad y un ambiente \u00edntimo. Pudimos modificar nuestra tipolog\u00eda de viajes, nuestros medios de transporte, pero siempre hemos mantenido un personal profesional, conductores y gu\u00edas. Siempre estudiamos cuidadosamente todos los caminos, instalaciones y lugares para ir antes de dar cualquier sugerencia al cliente. Organizamos todos los viajes, y estamos orgullosos de subrayarlo, de una manera man\u00edaca: buscamos la disponibilidad de sus hoteles, las mejores tarifas en hoteles de 3 y 4 estrellas, la mejor posici\u00f3n, gu\u00edas locales con una larga experiencia con nosotros , vuelos de bajo costo, ferries, nuestros autocares GT se examinan a la perfecci\u00f3n todos los a\u00f1os y son conducidos por conductores de gran experiencia, un personal a su disposici\u00f3n las 24 horas del d\u00eda.<br \/>NUESTROS SERVICIOS<br \/>Somos diferentes, en primer lugar, porque le brindamos programas y servicios personalizados de acuerdo con sus deseos e intereses. Solo tiene que presentarnos su idea de viaje y las fechas: nos ocupamos de todo. Descubrimos para usted los medios de transporte, las visitas guiadas, los hoteles, los restaurantes: todo lo que queremos es para que se sienta como en casa, incluso si se encuentra a varios kil\u00f3metros de distancia. Nuestros viajes se refieren a una amplia gama de intereses para nuestros clientes: excursiones, turismo religioso, visitas a capitales de manera tradicional o de bajo costo en autocar, visitas a nuestro pa\u00eds en todos sus aspectos: playa, lagos, monta\u00f1as, excursiones en ferry; Nos interesa el vino y el turismo gastron\u00f3mico. No podemos olvidar los viajes que preparamos para las escuelas y nuestros clientes de Sudam\u00e9rica, Australia, Canad\u00e1 y, por supuesto, Italia.<br \/>\u00a1Muy importantes para nosotros son nuestros famosos tours regulares!<br \/>Este producto exclusivo naci\u00f3 a mediados de la d\u00e9cada de 1990 debido a una intuici\u00f3n del Sr. Bruno Laiolo, nuestro gerente, para brindar a los turistas la oportunidad de tener un nuevo producto que podr\u00eda ser \u00fatil para visitar algunos lugares menos famosos de nuestra hermosa pen\u00ednsula y alguna zona de Francia (C\u00f4te d\u2019Azur y C\u00f3rcega). A lo largo de los a\u00f1os, nuestros Tours regulares han cambiado para satisfacer el n\u00famero cada vez mayor de clientes, pero siempre siguiendo el original: unirse a la cultura, la diversi\u00f3n y el entretenimiento.<\/p>\n<p>[\/et_pb_text][et_pb_image src=\u00bbhttps:\/\/www.europeando.it\/wp-content\/uploads\/2026\/01\/bollente.jpg\u00bb _builder_version=\u00bb4.27.5&#8243; _module_preset=\u00bbdefault\u00bb title_text=\u00bbbollente\u00bb hover_enabled=\u00bb0&#8243; sticky_enabled=\u00bb0&#8243;][\/et_pb_image][et_pb_text _builder_version=\u00bb4.24.0&#8243; _module_preset=\u00bbdefault\u00bb global_colors_info=\u00bb{}\u00bb]<\/p>\n<p>NUESTRO OBJETIVO<br \/>Europeando es una realidad que mezcla sue\u00f1os l\u00facidos con sus rutinas, introduciendo un peque\u00f1o \u00e1tomo de experiencia que siempre tendr\u00e1 una vida propia en el material de su cerebro. Lo que hoy es una realidad, el ma\u00f1ana vivir\u00e1 en su cerebro como algo de lo que basarse en respuesta a la vida cotidiana normal, tediosa y necesaria. Lo que Europeando hace es muy simple: no hace milagros, no hace magia, todo lo que tiene que ver con implantar recuerdos en tu memoria. Pero lo har\u00e1 para siempre.<\/p>\n<p>[\/et_pb_text][\/et_pb_column][\/et_pb_row][\/et_pb_section]<\/p>\n","protected":false},"excerpt":{"rendered":"<p>Quienes SomosHomeNUESTRA HISTORIAEuropeando naci\u00f3 en 1947 de la pasi\u00f3n por los viajes de la familia Laiolo y su voluntad de ofrecer un servicio basado en la calidad de los transportes y el alojamiento. En 1951, Dante Laiolo comenz\u00f3 la organizaci\u00f3n de viajes internacionales y Rina, su esposa, en 1962, \u00a1es la primera mujer en Italia [&hellip;]<\/p>\n","protected":false},"author":1,"featured_media":0,"parent":0,"menu_order":0,"comment_status":"closed","ping_status":"closed","template":"","meta":{"_et_pb_use_builder":"on","_et_pb_old_content":"","_et_gb_content_width":"","footnotes":""},"class_list":["post-20200","page","type-page","status-publish","hentry"],"aioseo_notices":[],"_links":{"self":[{"href":"https:\/\/www.europeando.it\/es\/wp-json\/wp\/v2\/pages\/20200","targetHints":{"allow":["GET"]}}],"collection":[{"href":"https:\/\/www.europeando.it\/es\/wp-json\/wp\/v2\/pages"}],"about":[{"href":"https:\/\/www.europeando.it\/es\/wp-json\/wp\/v2\/types\/page"}],"author":[{"embeddable":true,"href":"https:\/\/www.europeando.it\/es\/wp-json\/wp\/v2\/users\/1"}],"replies":[{"embeddable":true,"href":"https:\/\/www.europeando.it\/es\/wp-json\/wp\/v2\/comments?post=20200"}],"version-history":[{"count":9,"href":"https:\/\/www.europeando.it\/es\/wp-json\/wp\/v2\/pages\/20200\/revisions"}],"predecessor-version":[{"id":22171,"href":"https:\/\/www.europeando.it\/es\/wp-json\/wp\/v2\/pages\/20200\/revisions\/22171"}],"wp:attachment":[{"href":"https:\/\/www.europeando.it\/es\/wp-json\/wp\/v2\/media?parent=20200"}],"curies":[{"name":"wp","href":"https:\/\/api.w.org\/{rel}","templated":true}]}}